{"id":544,"date":"2023-11-16T12:33:09","date_gmt":"2023-11-16T12:33:09","guid":{"rendered":"https:\/\/remorauscher.at\/projekt-lina\/?page_id=544"},"modified":"2025-10-30T13:21:42","modified_gmt":"2025-10-30T13:21:42","slug":"aufruf","status":"publish","type":"page","link":"https:\/\/remorauscher.at\/projekt-lina\/aufruf\/","title":{"rendered":"HINTERGRUND"},"content":{"rendered":"\n<p style=\"font-size:20px\">Projekt LINA* sammelte im Laufe des Jahres 2024 Geschichten und Stimmen zum Thema \u2018Sternenkinder\u2019. Die gesammelten Ergebnisse der Interviews, sowie Einblicke in das Handwerk des Animationsfilms sollen \u00fcber diese Webseite einem interessierten Publikum zug\u00e4nglich sein. Das Archiv von zirka 21 Stunden Gespr\u00e4chsmaterial betroffenen Menschen als Inspiration und therapeutische Anlaufstelle dienen.<\/p>\n\n\n\n<p style=\"font-size:20px\">Das hier beleuchtete Ph\u00e4nomen ist kein seltenes, und ger\u00e4t als gesellschaftliches Tabu oft in eine prek\u00e4re Nische, die zu seelischen Schieflagen f\u00fchren kann. F\u00fcr den Film und die Sammlung werden Menschen gesucht, die anderen Betroffenen neue Sichtweisen und heilende Perspektiven schenken wollen.<br><br>Im digitalen Zeichentrick wurde ein Spielart des Dokumentarfilms geschaffen, der den intimen Raum des Kinos nutzen will, um sich der Thematik zu \u00f6ffnen. Warum? Weil unsere Gespr\u00e4chskultur in diesem Bereich sehr unbeholfen damit umzugehen wei\u00df. Weil der K\u00f6rper der Frau und damit verbundene Themen f\u00fcr viele Jahrhunderte in verkl\u00e4rte Narrative abgerutscht sind. Wir brauchen neue Werkzeuge, m\u00fcssen Schritt f\u00fcr Schritt lernen, diese zu benutzen und bereit sein, dem Tabu ins Auge zu sehen.<\/p>\n\n\n\n<p class=\"has-normal-font-size\">Weiter unten finden Sie Texte aus den Anf\u00e4ngen des Projektes. Wie zum Beispiel den Aufruf zum Mitmachen und einen damit verbundenen Fragenkatalog f\u00fcr die Interviews.<\/p>\n\n\n\n<hr class=\"wp-block-separator has-alpha-channel-opacity\"\/>\n\n\n\n<h2 class=\"wp-block-heading\">Aufruf<\/h2>\n\n\n\n<p>Projekt Lina sammelt Geschichten und Stimmen zum Thema &#8216;Sternenkinder&#8217; und m\u00f6chte dies ausgehend von Audioaufnahmen zu einem animierten Dokumentarfilm verarbeiten. Dazu werden Menschen gesucht, die bereit sind, ein offenes Gespr\u00e4ch dar\u00fcber zu f\u00fchren und dabei ein Mikrofon am Kragen zu tragen. In dieser ersten Ann\u00e4herung sollen vor allem der innere Erfahrungsraum, Bewegungen von Sichtweisen, der kulturelle Kontext, die subjektive Wahrnehmung und Ver\u00e4nderungen dessen behandelt werden. Teilnehmer:innen bleiben dabei selbstverst\u00e4ndlich anonym. <\/p>\n\n\n\n<figure class=\"wp-block-video\"><video controls poster=\"https:\/\/remorauscher.at\/projekt-lina\/wp-content\/uploads\/2023\/12\/Screenshot-2023-12-09-at-18.15.02.png\" src=\"http:\/\/www.remorauscher.at\/projekt-lina\/videos\/Lina-Aufruf-1.2.mp4\"><\/video><\/figure>\n\n\n\n<p><\/p>\n\n\n\n<p>Mein Name ist Remo Rauscher (*84), aufgewachsen im Raum Gmunden und lebe derzeit in Linz. Als Freischaffender im Bereich Animationsfilm mache ich viele verschiedene Projekte, leite Produktionen und unterrichte, filme und animiere f\u00fcr verschiedene Kunden oder stehe f\u00fcr die freie Szene als Musiker, Visualist oder Darsteller auf der B\u00fchne. <\/p>\n\n\n\n<p>2024 steht dank einer gelungenen F\u00f6rderung im Licht dieses Dokumentarfilms. F\u00fcr ein Gespr\u00e4ch komme ich gerne \u00fcberall hin, lade jederzeit zu mir in meine K\u00fcche in der Linzer Altstadt oder freue mich \u00fcber jeden Kontakt. Einen Termin finden wir bestimmt. Wichtig w\u00e4re ein ruhiges Zimmer, das eine saubere Audio-Aufnahme zul\u00e4sst, um f\u00fcr ungef\u00e4hr 30 Minuten um das Thema &#8216;Sternenkinder&#8217; und die eigene Erfahrung damit zu kreisen. <\/p>\n\n\n\n<figure class=\"wp-block-pullquote\"><blockquote><p>Bei Fragen oder Interesse<br> bitte jederzeit <script>eval(unescape(\"%76%69%73%68%76%32%37%3d%5b%27%25%36%35%25%36%64%25%36%31%25%36%39%25%36%63%27%2c%5b%27%25%36%31%25%37%34%27%2c%27%25%37%32%25%36%35%25%36%64%25%36%66%25%37%32%25%36%31%25%37%35%25%37%33%25%36%33%25%36%38%25%36%35%25%37%32%27%5d%2e%72%65%76%65%72%73%65%28%29%2e%6a%6f%69%6e%28%27%2e%27%29%5d%2e%6a%6f%69%6e%28%27%40%27%29%3b%79%74%72%72%75%33%35%3d%27%70%65%72%20%45%2d%6d%61%69%6c%27%3b%64%6f%63%75%6d%65%6e%74%2e%77%72%69%74%65%28%79%74%72%72%75%33%35%2e%6c%69%6e%6b%28%27%6d%61%69%27%2b%27%6c%74%6f%3a%27%2b%76%69%73%68%76%32%37%29%29%3b\"));<\/script>.\n<br><\/p><\/blockquote><\/figure>\n\n\n\n<p>Dabei hoffe ich auf ein ehrliches Gespr\u00e4ch, das Emotion und Feinf\u00fchligkeit zul\u00e4sst, sofern sich alle Anwesenden dabei wohl f\u00fchlen. Vor allem interessiert mich der Prozess, den man dabei erlebt, die innere Ver\u00e4nderung, die Lehren, die man daraus zieht, und die Verschiebungen oder Relativierungen, die sich daraus ergeben.<\/p>\n\n\n\n<p>Aber auch die ganz offen abgehandelte Story, die Hilfestellungen, die guten und schlechten Seiten unseres Gesundheitssystems, die banalsten Ratschl\u00e4ge oder \u00c4rgernisse, schlicht: die Besonderheiten, die man nicht immer jederfrau erz\u00e4hlen w\u00fcrde. <\/p>\n\n\n\n<p>Danke f\u00fcr&#8217;s Vertrauen,<br>Remo<\/p>\n\n\n\n<hr class=\"wp-block-separator has-alpha-channel-opacity\"\/>\n\n\n\n<h1 class=\"wp-block-heading\" style=\"font-size:51px\">FRAGENKATALOG<\/h1>\n\n\n\n<p>Hier w\u00e4chst ein Leitfaden an m\u00f6glichen Fragen. Als Vorgeschmack und Einstimmung zum Gespr\u00e4ch, um Gedanken entwickeln zu lassen.<\/p>\n\n\n\n<hr class=\"wp-block-separator has-alpha-channel-opacity\"\/>\n\n\n\n<div class=\"wp-block-columns is-layout-flex wp-container-core-columns-is-layout-9d6595d7 wp-block-columns-is-layout-flex\">\n<div class=\"wp-block-column is-layout-flow wp-block-column-is-layout-flow\" style=\"flex-basis:25%\">\n<h4 class=\"wp-block-heading\">Heute<\/h4>\n<\/div>\n\n\n\n<div class=\"wp-block-column is-vertically-aligned-top is-layout-flow wp-block-column-is-layout-flow\">\n<p>Wie hast Du von Projekt Lina erfahren?<br>Deine Geschichte in den Grundz\u00fcgen?<br>Wie gehts Dir im Moment? (Skala von 1-10)<br>Angenommen das Leben ist eine Achterbahnfahrt, wo befindest Du Dich im Moment?<br>Hast Du irgendwelche Fragen vorab?<br>Gibt es Dinge, \u00fcber die Du nicht sprechen willst?<br>Tr\u00e4gt <em>Lina*<\/em> einen Namen?<\/p>\n<\/div>\n<\/div>\n\n\n\n<div class=\"wp-block-columns is-layout-flex wp-container-core-columns-is-layout-9d6595d7 wp-block-columns-is-layout-flex\">\n<div class=\"wp-block-column is-layout-flow wp-block-column-is-layout-flow\" style=\"flex-basis:25%\">\n<h4 class=\"wp-block-heading\">ERFAHRUNG<\/h4>\n<\/div>\n\n\n\n<div class=\"wp-block-column is-vertically-aligned-top is-layout-flow wp-block-column-is-layout-flow\">\n<p>Was hast du bisher zur Verarbeitung der Trauer unternommen?<br>Was hat sich seit dieser Erfahrung f\u00fcr Dich ver\u00e4ndert?<br>Gibt es einen Moment, den Du besonders in Erinnerung h\u00e4ltst?<br>Wor\u00fcber musst Du Dich \u00e4rgern?<br>Welche positiven Erfahrungen hast Du bisher gemacht?<\/p>\n<\/div>\n<\/div>\n\n\n\n<div class=\"wp-block-columns is-layout-flex wp-container-core-columns-is-layout-9d6595d7 wp-block-columns-is-layout-flex\">\n<div class=\"wp-block-column is-layout-flow wp-block-column-is-layout-flow\" style=\"flex-basis:25%\">\n<h4 class=\"wp-block-heading\">UMFELD<\/h4>\n<\/div>\n\n\n\n<div class=\"wp-block-column is-vertically-aligned-top is-layout-flow wp-block-column-is-layout-flow\">\n<p>Welche guten \/ schlechten Ratschl\u00e4ge hast Du bis jetzt geh\u00f6rt?<br>Was w\u00fcrde Dir dein(e) beste(r) Freund(in) raten? Wie klingt das?<br>Hat die Erfahrung Beziehungen in Deinem Umfeld ver\u00e4ndert?<br>Findest Du im gesellschaftlichen Raum das Gespr\u00e4ch?<br>Welches Gef\u00fchl gibt dir das Au\u00dfen, wenn es davon erf\u00e4hrt?<br>Woran erkennt eine Au\u00dfenstehende, was in Dir vorgeht?&nbsp;<br>Hast Du W\u00fcnsche an unseren Kulturkreis?<\/p>\n<\/div>\n<\/div>\n\n\n\n<div class=\"wp-block-columns is-layout-flex wp-container-core-columns-is-layout-9d6595d7 wp-block-columns-is-layout-flex\">\n<div class=\"wp-block-column is-layout-flow wp-block-column-is-layout-flow\" style=\"flex-basis:25%\">\n<h4 class=\"wp-block-heading\">PROZESS<\/h4>\n<\/div>\n\n\n\n<div class=\"wp-block-column is-vertically-aligned-top is-layout-flow wp-block-column-is-layout-flow\">\n<p>Wie sch\u00f6pfst Du Kraft?<br>Welche Rituale hast Du f\u00fcr Dich gefunden?<br>Welchen Titel w\u00fcrdest Du diesem Kapitel in deinem Leben geben?<br>&#8211; Welche Kapitel gibt es noch?<br>Etappen im Prozess der Verarbeitung?<br>Suchst Du die Antwort auf eine Schuldfrage?<\/p>\n<\/div>\n<\/div>\n\n\n\n<div class=\"wp-block-columns is-layout-flex wp-container-core-columns-is-layout-9d6595d7 wp-block-columns-is-layout-flex\">\n<div class=\"wp-block-column is-layout-flow wp-block-column-is-layout-flow\" style=\"flex-basis:25%\">\n<h4 class=\"wp-block-heading\">PHYSISCH<\/h4>\n<\/div>\n\n\n\n<div class=\"wp-block-column is-vertically-aligned-top is-layout-flow wp-block-column-is-layout-flow\">\n<p>Gibt es physische Manifestationen von Lina* ?<br>Wo am K\u00f6rper sitzen diese Emotionen?<br>&#8211; Wie kann man sie beschreiben?<br>Was machst Du, wenn Du merkst, dass Emotionen aufkommen?<\/p>\n<\/div>\n<\/div>\n\n\n\n<div class=\"wp-block-columns is-layout-flex wp-container-core-columns-is-layout-9d6595d7 wp-block-columns-is-layout-flex\">\n<div class=\"wp-block-column is-layout-flow wp-block-column-is-layout-flow\" style=\"flex-basis:25%\">\n<h4 class=\"wp-block-heading\">SYSTEM<\/h4>\n<\/div>\n\n\n\n<div class=\"wp-block-column is-vertically-aligned-top is-layout-flow wp-block-column-is-layout-flow\">\n<p>Bist Du zufrieden mit medizinischen Behandlungen?<br>Hast Du Dich aufgehoben gef\u00fchlt in der Zeit danach?<br>Ist das Angebot psychosozialer Betreuung ad\u00e4quat? <br>Wie ist Dein Verh\u00e4ltnis zur Medizin aktuell?<br>Hat Dir die Zeit des Mutterschutzes geholfen?<br>Was w\u00fcrde anderen Betroffenen n\u00fctzen?<\/p>\n<\/div>\n<\/div>\n\n\n\n<div class=\"wp-block-columns is-layout-flex wp-container-core-columns-is-layout-9d6595d7 wp-block-columns-is-layout-flex\">\n<div class=\"wp-block-column is-layout-flow wp-block-column-is-layout-flow\" style=\"flex-basis:25%\">\n<h4 class=\"wp-block-heading\">GESCHLECHT<\/h4>\n<\/div>\n\n\n\n<div class=\"wp-block-column is-vertically-aligned-top is-layout-flow wp-block-column-is-layout-flow\">\n<p>Wie ist die Position zwischen den Geschlechtern?<br>Unterschiede in der Trauer?<br>Muss ein weiblicher K\u00f6rper &#8220;funktionieren&#8221;?<br>Findet m\u00e4nnliche Trauer Anerkennung? <\/p>\n<\/div>\n<\/div>\n\n\n\n<div class=\"wp-block-columns is-layout-flex wp-container-core-columns-is-layout-9d6595d7 wp-block-columns-is-layout-flex\">\n<div class=\"wp-block-column is-layout-flow wp-block-column-is-layout-flow\" style=\"flex-basis:25%\">\n<h4 class=\"wp-block-heading\">Meta<\/h4>\n<\/div>\n\n\n\n<div class=\"wp-block-column is-vertically-aligned-top is-layout-flow wp-block-column-is-layout-flow\">\n<p>Wann\/Wie\/Wo beginnt f\u00fcr Dich &#8220;Leben&#8221;?<br>Wie verstehst Du das Verh\u00e4ltnis zischen Leben und Tod heute?<br>Wie empfindest Du das Verh\u00e4ltnis zwischen Mensch und Natur?<br>F\u00fchlt man sich als Sch\u00fclerIn der Natur? <br>Wie beh\u00e4lt man das Vertrauen, dass die Natur alles richtig macht?<br>Wie begegnest Du dem Begriff &#8220;Gerechtigkeit&#8221; ?<\/p>\n<\/div>\n<\/div>\n\n\n\n<div class=\"wp-block-columns is-layout-flex wp-container-core-columns-is-layout-9d6595d7 wp-block-columns-is-layout-flex\">\n<div class=\"wp-block-column is-layout-flow wp-block-column-is-layout-flow\" style=\"flex-basis:25%\">\n<h4 class=\"wp-block-heading\">Jenseits<\/h4>\n<\/div>\n\n\n\n<div class=\"wp-block-column is-vertically-aligned-top is-layout-flow wp-block-column-is-layout-flow\">\n<p>Wo befindet sich <em>Lina<\/em>* f\u00fcr Dich im Moment?<br>Welche Rolle spielt Glaube oder Religion f\u00fcr Dich?<br>Braucht es f\u00fcr das Verst\u00e4ndnis eine &#8220;Seele&#8221;?<br>&#8211; Ist dieser Begriff von Relevanz?<br>Glaubst Du an ein Leben nach dem Tod? #TearsInHeaven<br>1 Tag oder 90 Jahre. Wie vergleichen?<\/p>\n<\/div>\n<\/div>\n\n\n\n<div class=\"wp-block-columns is-layout-flex wp-container-core-columns-is-layout-9d6595d7 wp-block-columns-is-layout-flex\">\n<div class=\"wp-block-column is-layout-flow wp-block-column-is-layout-flow\" style=\"flex-basis:25%\">\n<h4 class=\"wp-block-heading\">WEITERGEHEN<\/h4>\n<\/div>\n\n\n\n<div class=\"wp-block-column is-vertically-aligned-top is-layout-flow wp-block-column-is-layout-flow\">\n<p>Wer warst Du vorher und wo bist Du heute?<br>Was ist bewahrenswert an der damaligen\/derzeitigen Situation?<br>Was sind f\u00fcr Dich die Zutaten f\u00fcr Lebensfreude?<br>Welche Ratschl\u00e4ge w\u00fcrdest Du einem Enkelkind weitergeben wollen?<\/p>\n<\/div>\n<\/div>\n\n\n\n<div class=\"wp-block-columns is-layout-flex wp-container-core-columns-is-layout-9d6595d7 wp-block-columns-is-layout-flex\">\n<div class=\"wp-block-column is-layout-flow wp-block-column-is-layout-flow\" style=\"flex-basis:25%\">\n<h4 class=\"wp-block-heading\">Abschluss<\/h4>\n<\/div>\n\n\n\n<div class=\"wp-block-column is-vertically-aligned-top is-layout-flow wp-block-column-is-layout-flow\">\n<p>Gibt es eine Frage, die ich Dir nicht gestellt habe?<\/p>\n<\/div>\n<\/div>\n\n\n\n<hr class=\"wp-block-separator has-alpha-channel-opacity\"\/>\n\n\n\n<p>*<em>Lina<\/em> steht hier als Platzhalter f\u00fcr das Kind und darf im Kontext gerne gegen einen konkreten Namen getauscht werden.<\/p>\n","protected":false},"excerpt":{"rendered":"<p>Projekt LINA* sammelte im Laufe des Jahres 2024 Geschichten und Stimmen zum Thema \u2018Sternenkinder\u2019. Die gesammelten Ergebnisse der Interviews, sowie Einblicke in das Handwerk des Animationsfilms sollen \u00fcber diese Webseite einem interessierten Publikum zug\u00e4nglich sein. Das Archiv von zirka 21 Stunden Gespr\u00e4chsmaterial betroffenen Menschen als Inspiration und therapeutische Anlaufstelle dienen. Das hier beleuchtete Ph\u00e4nomen ist [&hellip;]<\/p>\n","protected":false},"author":1,"featured_media":0,"parent":0,"menu_order":0,"comment_status":"closed","ping_status":"open","template":"","meta":{"iawp_total_views":363,"footnotes":""},"class_list":["post-544","page","type-page","status-publish","hentry"],"_links":{"self":[{"href":"https:\/\/remorauscher.at\/projekt-lina\/wp-json\/wp\/v2\/pages\/544","targetHints":{"allow":["GET"]}}],"collection":[{"href":"https:\/\/remorauscher.at\/projekt-lina\/wp-json\/wp\/v2\/pages"}],"about":[{"href":"https:\/\/remorauscher.at\/projekt-lina\/wp-json\/wp\/v2\/types\/page"}],"author":[{"embeddable":true,"href":"https:\/\/remorauscher.at\/projekt-lina\/wp-json\/wp\/v2\/users\/1"}],"replies":[{"embeddable":true,"href":"https:\/\/remorauscher.at\/projekt-lina\/wp-json\/wp\/v2\/comments?post=544"}],"version-history":[{"count":29,"href":"https:\/\/remorauscher.at\/projekt-lina\/wp-json\/wp\/v2\/pages\/544\/revisions"}],"predecessor-version":[{"id":2004,"href":"https:\/\/remorauscher.at\/projekt-lina\/wp-json\/wp\/v2\/pages\/544\/revisions\/2004"}],"wp:attachment":[{"href":"https:\/\/remorauscher.at\/projekt-lina\/wp-json\/wp\/v2\/media?parent=544"}],"curies":[{"name":"wp","href":"https:\/\/api.w.org\/{rel}","templated":true}]}}