{"id":537,"date":"2023-11-16T12:13:35","date_gmt":"2023-11-16T12:13:35","guid":{"rendered":"https:\/\/remorauscher.at\/projekt-lina\/?page_id=537"},"modified":"2025-03-23T15:48:18","modified_gmt":"2025-03-23T15:48:18","slug":"impressum","status":"publish","type":"page","link":"https:\/\/remorauscher.at\/projekt-lina\/impressum\/","title":{"rendered":"KONTAKT &amp; Impressum"},"content":{"rendered":"\n<div class=\"wp-block-columns are-vertically-aligned-top is-layout-flex wp-container-core-columns-is-layout-9d6595d7 wp-block-columns-is-layout-flex\">\n<div class=\"wp-block-column is-vertically-aligned-top is-layout-flow wp-block-column-is-layout-flow\">\n<p>Remo Rauscher <script>eval(unescape(\"%6d%7a%6e%66%6c%33%39%3d%5b%27%25%36%35%25%36%64%25%36%31%25%36%39%25%36%63%27%2c%5b%27%25%36%31%25%37%34%27%2c%27%25%37%32%25%36%35%25%36%64%25%36%66%25%37%32%25%36%31%25%37%35%25%37%33%25%36%33%25%36%38%25%36%35%25%37%32%27%5d%2e%72%65%76%65%72%73%65%28%29%2e%6a%6f%69%6e%28%27%2e%27%29%5d%2e%6a%6f%69%6e%28%27%40%27%29%3b%79%69%6c%79%73%33%35%3d%27%45%2d%6d%61%69%6c%27%3b%64%6f%63%75%6d%65%6e%74%2e%77%72%69%74%65%28%79%69%6c%79%73%33%35%2e%6c%69%6e%6b%28%27%6d%61%69%27%2b%27%6c%74%6f%3a%27%2b%6d%7a%6e%66%6c%33%39%29%29%3b\"));<\/script>. <\/p>\n<\/div>\n\n\n\n<div class=\"wp-block-column is-vertically-aligned-top is-layout-flow wp-block-column-is-layout-flow\"><\/div>\n<\/div>\n\n\n\n<hr class=\"wp-block-separator has-alpha-channel-opacity\"\/>\n\n\n\n<div class=\"wp-block-columns is-layout-flex wp-container-core-columns-is-layout-9d6595d7 wp-block-columns-is-layout-flex\">\n<div class=\"wp-block-column is-layout-flow wp-block-column-is-layout-flow\">\n<h3 class=\"wp-block-heading\">Urheber<\/h3>\n\n\n\n<p>Remo RAUSCHER, MSc.<br>Mayrhoferstra\u00dfe 17<br>A-4030 Linz, Donau<br>\u00d6STERREICH<br><a href=\"http:\/\/www.remorauscher.at\">www.remorauscher.at<\/a><br><\/p>\n<\/div>\n\n\n\n<div class=\"wp-block-column is-layout-flow wp-block-column-is-layout-flow\">\n<h3 class=\"wp-block-heading\">Medien<\/h3>\n\n\n\n<p>Jegliche aufgelisteten Bilder, Texte, Aufnahmen oder Videos wurden vom Urheber pers\u00f6nlich verfasst oder erstellt. Externe Inhalte als solche gekennzeichnet oder betitelt. <\/p>\n<\/div>\n<\/div>\n\n\n\n<hr class=\"wp-block-separator has-alpha-channel-opacity\"\/>\n\n\n\n<h3 class=\"wp-block-heading\">Datenschutz<\/h3>\n\n\n\n<p>Angef\u00fchrte Interviews bzw. Transkripte wurden im Einverst\u00e4ndnis mit den teilnehmenden Personen erfasst und zum vorliegenden Gespr\u00e4chsarchiv und Film verarbeitet. <\/p>\n\n\n\n<hr class=\"wp-block-separator has-alpha-channel-opacity\"\/>\n\n\n\n<h3 class=\"wp-block-heading\">UNTERST\u00dcTZT durch<\/h3>\n\n\n\n<div class=\"wp-block-columns are-vertically-aligned-top is-layout-flex wp-container-core-columns-is-layout-9d6595d7 wp-block-columns-is-layout-flex\">\n<div class=\"wp-block-column is-vertically-aligned-top is-layout-flow wp-block-column-is-layout-flow\">\n<figure class=\"wp-block-image size-full\"><img loading=\"lazy\" decoding=\"async\" width=\"800\" height=\"300\" src=\"https:\/\/remorauscher.at\/projekt-lina\/wp-content\/uploads\/2023\/12\/Logo_Frderlogo-Kultur.png\" alt=\"\" class=\"wp-image-691\" srcset=\"https:\/\/remorauscher.at\/projekt-lina\/wp-content\/uploads\/2023\/12\/Logo_Frderlogo-Kultur.png 800w, https:\/\/remorauscher.at\/projekt-lina\/wp-content\/uploads\/2023\/12\/Logo_Frderlogo-Kultur-300x113.png 300w, https:\/\/remorauscher.at\/projekt-lina\/wp-content\/uploads\/2023\/12\/Logo_Frderlogo-Kultur-768x288.png 768w, https:\/\/remorauscher.at\/projekt-lina\/wp-content\/uploads\/2023\/12\/Logo_Frderlogo-Kultur-720x270.png 720w, https:\/\/remorauscher.at\/projekt-lina\/wp-content\/uploads\/2023\/12\/Logo_Frderlogo-Kultur-580x218.png 580w, https:\/\/remorauscher.at\/projekt-lina\/wp-content\/uploads\/2023\/12\/Logo_Frderlogo-Kultur-320x120.png 320w\" sizes=\"auto, (max-width: 800px) 100vw, 800px\" \/><\/figure>\n<\/div>\n\n\n\n<div class=\"wp-block-column is-vertically-aligned-top is-layout-flow wp-block-column-is-layout-flow\">\n<figure class=\"wp-block-image size-full\"><img loading=\"lazy\" decoding=\"async\" width=\"892\" height=\"298\" src=\"https:\/\/remorauscher.at\/projekt-lina\/wp-content\/uploads\/2023\/12\/Logo-Stadt-Linz.png\" alt=\"\" class=\"wp-image-692\" srcset=\"https:\/\/remorauscher.at\/projekt-lina\/wp-content\/uploads\/2023\/12\/Logo-Stadt-Linz.png 892w, https:\/\/remorauscher.at\/projekt-lina\/wp-content\/uploads\/2023\/12\/Logo-Stadt-Linz-300x100.png 300w, https:\/\/remorauscher.at\/projekt-lina\/wp-content\/uploads\/2023\/12\/Logo-Stadt-Linz-768x257.png 768w, https:\/\/remorauscher.at\/projekt-lina\/wp-content\/uploads\/2023\/12\/Logo-Stadt-Linz-720x241.png 720w, https:\/\/remorauscher.at\/projekt-lina\/wp-content\/uploads\/2023\/12\/Logo-Stadt-Linz-580x194.png 580w, https:\/\/remorauscher.at\/projekt-lina\/wp-content\/uploads\/2023\/12\/Logo-Stadt-Linz-320x107.png 320w\" sizes=\"auto, (max-width: 892px) 100vw, 892px\" \/><\/figure>\n<\/div>\n<\/div>\n\n\n\n<figure class=\"wp-block-image size-medium\"><img loading=\"lazy\" decoding=\"async\" width=\"300\" height=\"162\" src=\"https:\/\/remorauscher.at\/projekt-lina\/wp-content\/uploads\/2025\/03\/ANIMA-PLUS_Logo_RGB-300x162.png\" alt=\"\" class=\"wp-image-1876\" srcset=\"https:\/\/remorauscher.at\/projekt-lina\/wp-content\/uploads\/2025\/03\/ANIMA-PLUS_Logo_RGB-300x162.png 300w, https:\/\/remorauscher.at\/projekt-lina\/wp-content\/uploads\/2025\/03\/ANIMA-PLUS_Logo_RGB-1024x553.png 1024w, https:\/\/remorauscher.at\/projekt-lina\/wp-content\/uploads\/2025\/03\/ANIMA-PLUS_Logo_RGB-768x415.png 768w, https:\/\/remorauscher.at\/projekt-lina\/wp-content\/uploads\/2025\/03\/ANIMA-PLUS_Logo_RGB-1536x829.png 1536w, https:\/\/remorauscher.at\/projekt-lina\/wp-content\/uploads\/2025\/03\/ANIMA-PLUS_Logo_RGB-1920x1037.png 1920w, https:\/\/remorauscher.at\/projekt-lina\/wp-content\/uploads\/2025\/03\/ANIMA-PLUS_Logo_RGB-720x389.png 720w, https:\/\/remorauscher.at\/projekt-lina\/wp-content\/uploads\/2025\/03\/ANIMA-PLUS_Logo_RGB-580x313.png 580w, https:\/\/remorauscher.at\/projekt-lina\/wp-content\/uploads\/2025\/03\/ANIMA-PLUS_Logo_RGB-320x173.png 320w, https:\/\/remorauscher.at\/projekt-lina\/wp-content\/uploads\/2025\/03\/ANIMA-PLUS_Logo_RGB.png 2000w\" sizes=\"auto, (max-width: 300px) 100vw, 300px\" \/><\/figure>\n","protected":false},"excerpt":{"rendered":"<p>Remo Rauscher . Urheber Remo RAUSCHER, MSc.Mayrhoferstra\u00dfe 17A-4030 Linz, Donau\u00d6STERREICHwww.remorauscher.at Medien Jegliche aufgelisteten Bilder, Texte, Aufnahmen oder Videos wurden vom Urheber pers\u00f6nlich verfasst oder erstellt. Externe Inhalte als solche gekennzeichnet oder betitelt. Datenschutz Angef\u00fchrte Interviews bzw. Transkripte wurden im Einverst\u00e4ndnis mit den teilnehmenden Personen erfasst und zum vorliegenden Gespr\u00e4chsarchiv und Film verarbeitet. UNTERST\u00dcTZT durch<\/p>\n","protected":false},"author":1,"featured_media":0,"parent":0,"menu_order":0,"comment_status":"closed","ping_status":"open","template":"","meta":{"iawp_total_views":130,"footnotes":""},"class_list":["post-537","page","type-page","status-publish","hentry"],"_links":{"self":[{"href":"https:\/\/remorauscher.at\/projekt-lina\/wp-json\/wp\/v2\/pages\/537","targetHints":{"allow":["GET"]}}],"collection":[{"href":"https:\/\/remorauscher.at\/projekt-lina\/wp-json\/wp\/v2\/pages"}],"about":[{"href":"https:\/\/remorauscher.at\/projekt-lina\/wp-json\/wp\/v2\/types\/page"}],"author":[{"embeddable":true,"href":"https:\/\/remorauscher.at\/projekt-lina\/wp-json\/wp\/v2\/users\/1"}],"replies":[{"embeddable":true,"href":"https:\/\/remorauscher.at\/projekt-lina\/wp-json\/wp\/v2\/comments?post=537"}],"version-history":[{"count":45,"href":"https:\/\/remorauscher.at\/projekt-lina\/wp-json\/wp\/v2\/pages\/537\/revisions"}],"predecessor-version":[{"id":1878,"href":"https:\/\/remorauscher.at\/projekt-lina\/wp-json\/wp\/v2\/pages\/537\/revisions\/1878"}],"wp:attachment":[{"href":"https:\/\/remorauscher.at\/projekt-lina\/wp-json\/wp\/v2\/media?parent=537"}],"curies":[{"name":"wp","href":"https:\/\/api.w.org\/{rel}","templated":true}]}}